{"id":116,"date":"2025-06-02T08:26:28","date_gmt":"2025-06-02T08:26:28","guid":{"rendered":"https:\/\/zebrapremium.se\/?page_id=116"},"modified":"2025-06-02T13:21:48","modified_gmt":"2025-06-02T13:21:48","slug":"underhallssida","status":"publish","type":"page","link":"https:\/\/zebrapremium.se\/","title":{"rendered":"Underh\u00e5llssida"},"content":{"rendered":"\t\t<div data-elementor-type=\"wp-page\" data-elementor-id=\"116\" class=\"elementor elementor-116\">\n\t\t\t\t<div class=\"elementor-element elementor-element-b90e1e9 e-con-full e-flex e-con e-parent\" data-id=\"b90e1e9\" data-element_type=\"container\" data-e-type=\"container\" data-settings=\"{&quot;background_background&quot;:&quot;classic&quot;}\">\n\t\t<div class=\"elementor-element elementor-element-801a2db e-flex e-con-boxed e-con e-child\" data-id=\"801a2db\" data-element_type=\"container\" data-e-type=\"container\">\n\t\t\t\t\t<div class=\"e-con-inner\">\n\t\t\t\t<div class=\"elementor-element elementor-element-1be03a1 elementor-widget elementor-widget-html\" data-id=\"1be03a1\" data-element_type=\"widget\" data-e-type=\"widget\" data-widget_type=\"html.default\">\n\t\t\t\t<div class=\"elementor-widget-container\">\n\t\t\t\t\t<style>\r\n  .fixed-email {\r\n    position: fixed;\r\n    top: 25px;\r\n    right: 50px;\r\n    color: white;\r\n    font-family: Arial, sans-serif;\r\n    font-weight: 300;\r\n    font-size: 14px;\r\n    z-index: 9999;\r\n    background: transparent;\r\n    text-decoration: none;\r\n    pointer-events: auto;\r\n  }\r\n\r\n  \/* Tablet *\/\r\n  @media (max-width: 1024px) {\r\n    .fixed-email {\r\n      font-size: 14px;\r\n      top: 20px;\r\n      right: 30px;\r\n    }\r\n  }\r\n\r\n  \/* Mobil *\/\r\n  @media (max-width: 767px) {\r\n    .fixed-email {\r\n      font-size: 12px;\r\n      top: 15px;\r\n      right: 20px;\r\n    }\r\n  }\r\n<\/style>\r\n\r\n<a href=\"mailto:kontakt@zebrapremium.se\" class=\"fixed-email\">\r\n  kontakt@zebrapremium.se\r\n<\/a>\t\t\t\t<\/div>\n\t\t\t\t<\/div>\n\t\t\t\t<div class=\"elementor-element elementor-element-2bfc5f8 elementor-widget elementor-widget-image\" data-id=\"2bfc5f8\" data-element_type=\"widget\" data-e-type=\"widget\" data-widget_type=\"image.default\">\n\t\t\t\t<div class=\"elementor-widget-container\">\n\t\t\t\t\t\t\t\t\t\t\t\t\t\t\t<img fetchpriority=\"high\" decoding=\"async\" width=\"2385\" height=\"190\" src=\"https:\/\/zebrapremium.se\/wp-content\/uploads\/2025\/05\/ZEBRA-Premium_horisont_white-4.png\" class=\"attachment-full size-full wp-image-65\" alt=\"\" srcset=\"https:\/\/zebrapremium.se\/wp-content\/uploads\/2025\/05\/ZEBRA-Premium_horisont_white-4.png 2385w, https:\/\/zebrapremium.se\/wp-content\/uploads\/2025\/05\/ZEBRA-Premium_horisont_white-4-300x24.png 300w, https:\/\/zebrapremium.se\/wp-content\/uploads\/2025\/05\/ZEBRA-Premium_horisont_white-4-1024x82.png 1024w, https:\/\/zebrapremium.se\/wp-content\/uploads\/2025\/05\/ZEBRA-Premium_horisont_white-4-768x61.png 768w, https:\/\/zebrapremium.se\/wp-content\/uploads\/2025\/05\/ZEBRA-Premium_horisont_white-4-1536x122.png 1536w, https:\/\/zebrapremium.se\/wp-content\/uploads\/2025\/05\/ZEBRA-Premium_horisont_white-4-2048x163.png 2048w\" sizes=\"(max-width: 2385px) 100vw, 2385px\" \/>\t\t\t\t\t\t\t\t\t\t\t\t\t\t\t<\/div>\n\t\t\t\t<\/div>\n\t\t\t\t\t<\/div>\n\t\t\t\t<\/div>\n\t\t<div class=\"elementor-element elementor-element-0b399a0 e-flex e-con-boxed e-con e-child\" data-id=\"0b399a0\" data-element_type=\"container\" data-e-type=\"container\">\n\t\t\t\t\t<div class=\"e-con-inner\">\n\t\t\t\t<div class=\"elementor-element elementor-element-74dfaa1 elementor-widget elementor-widget-text-editor\" data-id=\"74dfaa1\" data-element_type=\"widget\" data-e-type=\"widget\" data-widget_type=\"text-editor.default\">\n\t\t\t\t<div class=\"elementor-widget-container\">\n\t\t\t\t\t\t\t\t\t<p>Vi arbetar just nu med att ta fram Zebra Premiums nya hemsida<br \/>Tills dess \u00e4r du varmt v\u00e4lkommen att bes\u00f6ka v\u00e5r partner<\/p>\t\t\t\t\t\t\t\t<\/div>\n\t\t\t\t<\/div>\n\t\t\t\t\t<\/div>\n\t\t\t\t<\/div>\n\t\t<div class=\"elementor-element elementor-element-e36bc9e e-flex e-con-boxed e-con e-child\" data-id=\"e36bc9e\" data-element_type=\"container\" data-e-type=\"container\">\n\t\t\t\t\t<div class=\"e-con-inner\">\n\t\t\t\t<div class=\"elementor-element elementor-element-df42501 elementor-align-center elementor-tablet-align-center elementor-widget elementor-widget-button\" data-id=\"df42501\" data-element_type=\"widget\" data-e-type=\"widget\" data-widget_type=\"button.default\">\n\t\t\t\t<div class=\"elementor-widget-container\">\n\t\t\t\t\t\t\t\t\t<div class=\"elementor-button-wrapper\">\n\t\t\t\t\t<a class=\"elementor-button elementor-button-link elementor-size-sm\" href=\"https:\/\/interni.se\/\">\n\t\t\t\t\t\t<span class=\"elementor-button-content-wrapper\">\n\t\t\t\t\t\t\t\t\t<span class=\"elementor-button-text\">Interni.se<\/span>\n\t\t\t\t\t<\/span>\n\t\t\t\t\t<\/a>\n\t\t\t\t<\/div>\n\t\t\t\t\t\t\t\t<\/div>\n\t\t\t\t<\/div>\n\t\t\t\t\t<\/div>\n\t\t\t\t<\/div>\n\t\t\t\t<\/div>\n\t\t\t\t<\/div>\n\t\t","protected":false},"excerpt":{"rendered":"<p>kontakt@zebrapremium.se Vi arbetar just nu med att ta fram Zebra Premiums nya hemsidaTills dess \u00e4r du varmt v\u00e4lkommen att bes\u00f6ka [&hellip;]<\/p>\n","protected":false},"author":1,"featured_media":0,"parent":0,"menu_order":0,"comment_status":"closed","ping_status":"closed","template":"templates\/wpmm-page-template.php","meta":{"site-sidebar-layout":"default","site-content-layout":"","ast-site-content-layout":"","site-content-style":"default","site-sidebar-style":"default","ast-global-header-display":"","ast-banner-title-visibility":"","ast-main-header-display":"","ast-hfb-above-header-display":"","ast-hfb-below-header-display":"","ast-hfb-mobile-header-display":"","site-post-title":"","ast-breadcrumbs-content":"","ast-featured-img":"","footer-sml-layout":"","theme-transparent-header-meta":"","adv-header-id-meta":"","stick-header-meta":"","header-above-stick-meta":"","header-main-stick-meta":"","header-below-stick-meta":"","astra-migrate-meta-layouts":"default","ast-page-background-enabled":"default","ast-page-background-meta":{"desktop":{"background-color":"var(--ast-global-color-5)","background-image":"","background-repeat":"repeat","background-position":"center center","background-size":"auto","background-attachment":"scroll","background-type":"","background-media":"","overlay-type":"","overlay-color":"","overlay-opacity":"","overlay-gradient":""},"tablet":{"background-color":"","background-image":"","background-repeat":"repeat","background-position":"center center","background-size":"auto","background-attachment":"scroll","background-type":"","background-media":"","overlay-type":"","overlay-color":"","overlay-opacity":"","overlay-gradient":""},"mobile":{"background-color":"","background-image":"","background-repeat":"repeat","background-position":"center center","background-size":"auto","background-attachment":"scroll","background-type":"","background-media":"","overlay-type":"","overlay-color":"","overlay-opacity":"","overlay-gradient":""}},"ast-content-background-meta":{"desktop":{"background-color":"var(--ast-global-color-4)","background-image":"","background-repeat":"repeat","background-position":"center center","background-size":"auto","background-attachment":"scroll","background-type":"","background-media":"","overlay-type":"","overlay-color":"","overlay-opacity":"","overlay-gradient":""},"tablet":{"background-color":"var(--ast-global-color-4)","background-image":"","background-repeat":"repeat","background-position":"center center","background-size":"auto","background-attachment":"scroll","background-type":"","background-media":"","overlay-type":"","overlay-color":"","overlay-opacity":"","overlay-gradient":""},"mobile":{"background-color":"var(--ast-global-color-4)","background-image":"","background-repeat":"repeat","background-position":"center center","background-size":"auto","background-attachment":"scroll","background-type":"","background-media":"","overlay-type":"","overlay-color":"","overlay-opacity":"","overlay-gradient":""}},"_themeisle_gutenberg_block_has_review":false,"footnotes":""},"class_list":["post-116","page","type-page","status-publish","hentry"],"yoast_head":"<!-- This site is optimized with the Yoast SEO plugin v27.4 - https:\/\/yoast.com\/product\/yoast-seo-wordpress\/ -->\n<title>Underh\u00e5llssida - Zebra Premium<\/title>\n<meta name=\"robots\" content=\"index, follow, max-snippet:-1, max-image-preview:large, max-video-preview:-1\" \/>\n<link rel=\"canonical\" href=\"https:\/\/zebrapremium.se\/\" \/>\n<meta property=\"og:locale\" content=\"sv_SE\" \/>\n<meta property=\"og:type\" content=\"article\" \/>\n<meta property=\"og:title\" content=\"Underh\u00e5llssida - Zebra Premium\" \/>\n<meta property=\"og:description\" content=\"kontakt@zebrapremium.se Vi arbetar just nu med att ta fram Zebra Premiums nya hemsidaTills dess \u00e4r du varmt v\u00e4lkommen att bes\u00f6ka [&hellip;]\" \/>\n<meta property=\"og:url\" content=\"https:\/\/zebrapremium.se\/\" \/>\n<meta property=\"og:site_name\" content=\"Zebra Premium\" \/>\n<meta property=\"article:modified_time\" content=\"2025-06-02T13:21:48+00:00\" \/>\n<meta property=\"og:image\" content=\"https:\/\/zebrapremium.se\/wp-content\/uploads\/2025\/05\/ZEBRA-Premium_horisont_white-4.png\" \/>\n\t<meta property=\"og:image:width\" content=\"2385\" \/>\n\t<meta property=\"og:image:height\" content=\"190\" \/>\n\t<meta property=\"og:image:type\" content=\"image\/png\" \/>\n<meta name=\"twitter:card\" content=\"summary_large_image\" \/>\n<meta name=\"twitter:label1\" content=\"Ber\u00e4knad l\u00e4stid\" \/>\n\t<meta name=\"twitter:data1\" content=\"1 minut\" \/>\n<script type=\"application\/ld+json\" class=\"yoast-schema-graph\">{\"@context\":\"https:\\\/\\\/schema.org\",\"@graph\":[{\"@type\":\"WebPage\",\"@id\":\"https:\\\/\\\/zebrapremium.se\\\/\",\"url\":\"https:\\\/\\\/zebrapremium.se\\\/\",\"name\":\"Underh\u00e5llssida - Zebra Premium\",\"isPartOf\":{\"@id\":\"https:\\\/\\\/zebrapremium.se\\\/#website\"},\"primaryImageOfPage\":{\"@id\":\"https:\\\/\\\/zebrapremium.se\\\/#primaryimage\"},\"image\":{\"@id\":\"https:\\\/\\\/zebrapremium.se\\\/#primaryimage\"},\"thumbnailUrl\":\"https:\\\/\\\/zebrapremium.se\\\/wp-content\\\/uploads\\\/2025\\\/05\\\/ZEBRA-Premium_horisont_white-4.png\",\"datePublished\":\"2025-06-02T08:26:28+00:00\",\"dateModified\":\"2025-06-02T13:21:48+00:00\",\"breadcrumb\":{\"@id\":\"https:\\\/\\\/zebrapremium.se\\\/#breadcrumb\"},\"inLanguage\":\"sv-SE\",\"potentialAction\":[{\"@type\":\"ReadAction\",\"target\":[\"https:\\\/\\\/zebrapremium.se\\\/\"]}]},{\"@type\":\"ImageObject\",\"inLanguage\":\"sv-SE\",\"@id\":\"https:\\\/\\\/zebrapremium.se\\\/#primaryimage\",\"url\":\"https:\\\/\\\/zebrapremium.se\\\/wp-content\\\/uploads\\\/2025\\\/05\\\/ZEBRA-Premium_horisont_white-4.png\",\"contentUrl\":\"https:\\\/\\\/zebrapremium.se\\\/wp-content\\\/uploads\\\/2025\\\/05\\\/ZEBRA-Premium_horisont_white-4.png\",\"width\":2385,\"height\":190},{\"@type\":\"BreadcrumbList\",\"@id\":\"https:\\\/\\\/zebrapremium.se\\\/#breadcrumb\",\"itemListElement\":[{\"@type\":\"ListItem\",\"position\":1,\"name\":\"Hem\",\"item\":\"https:\\\/\\\/zebrapremium.se\\\/\"},{\"@type\":\"ListItem\",\"position\":2,\"name\":\"Underh\u00e5llssida\"}]},{\"@type\":\"WebSite\",\"@id\":\"https:\\\/\\\/zebrapremium.se\\\/#website\",\"url\":\"https:\\\/\\\/zebrapremium.se\\\/\",\"name\":\"Zebra Premium\",\"description\":\"\",\"publisher\":{\"@id\":\"https:\\\/\\\/zebrapremium.se\\\/#organization\"},\"potentialAction\":[{\"@type\":\"SearchAction\",\"target\":{\"@type\":\"EntryPoint\",\"urlTemplate\":\"https:\\\/\\\/zebrapremium.se\\\/?s={search_term_string}\"},\"query-input\":{\"@type\":\"PropertyValueSpecification\",\"valueRequired\":true,\"valueName\":\"search_term_string\"}}],\"inLanguage\":\"sv-SE\"},{\"@type\":\"Organization\",\"@id\":\"https:\\\/\\\/zebrapremium.se\\\/#organization\",\"name\":\"Zebra Premium\",\"url\":\"https:\\\/\\\/zebrapremium.se\\\/\",\"logo\":{\"@type\":\"ImageObject\",\"inLanguage\":\"sv-SE\",\"@id\":\"https:\\\/\\\/zebrapremium.se\\\/#\\\/schema\\\/logo\\\/image\\\/\",\"url\":\"https:\\\/\\\/zebrapremium.se\\\/wp-content\\\/uploads\\\/2025\\\/07\\\/ZEBRA-Premium_white.png\",\"contentUrl\":\"https:\\\/\\\/zebrapremium.se\\\/wp-content\\\/uploads\\\/2025\\\/07\\\/ZEBRA-Premium_white.png\",\"width\":1128,\"height\":1087,\"caption\":\"Zebra Premium\"},\"image\":{\"@id\":\"https:\\\/\\\/zebrapremium.se\\\/#\\\/schema\\\/logo\\\/image\\\/\"}}]}<\/script>\n<!-- \/ Yoast SEO plugin. -->","yoast_head_json":{"title":"Underh\u00e5llssida - Zebra Premium","robots":{"index":"index","follow":"follow","max-snippet":"max-snippet:-1","max-image-preview":"max-image-preview:large","max-video-preview":"max-video-preview:-1"},"canonical":"https:\/\/zebrapremium.se\/","og_locale":"sv_SE","og_type":"article","og_title":"Underh\u00e5llssida - Zebra Premium","og_description":"kontakt@zebrapremium.se Vi arbetar just nu med att ta fram Zebra Premiums nya hemsidaTills dess \u00e4r du varmt v\u00e4lkommen att bes\u00f6ka [&hellip;]","og_url":"https:\/\/zebrapremium.se\/","og_site_name":"Zebra Premium","article_modified_time":"2025-06-02T13:21:48+00:00","og_image":[{"width":2385,"height":190,"url":"https:\/\/zebrapremium.se\/wp-content\/uploads\/2025\/05\/ZEBRA-Premium_horisont_white-4.png","type":"image\/png"}],"twitter_card":"summary_large_image","twitter_misc":{"Ber\u00e4knad l\u00e4stid":"1 minut"},"schema":{"@context":"https:\/\/schema.org","@graph":[{"@type":"WebPage","@id":"https:\/\/zebrapremium.se\/","url":"https:\/\/zebrapremium.se\/","name":"Underh\u00e5llssida - Zebra Premium","isPartOf":{"@id":"https:\/\/zebrapremium.se\/#website"},"primaryImageOfPage":{"@id":"https:\/\/zebrapremium.se\/#primaryimage"},"image":{"@id":"https:\/\/zebrapremium.se\/#primaryimage"},"thumbnailUrl":"https:\/\/zebrapremium.se\/wp-content\/uploads\/2025\/05\/ZEBRA-Premium_horisont_white-4.png","datePublished":"2025-06-02T08:26:28+00:00","dateModified":"2025-06-02T13:21:48+00:00","breadcrumb":{"@id":"https:\/\/zebrapremium.se\/#breadcrumb"},"inLanguage":"sv-SE","potentialAction":[{"@type":"ReadAction","target":["https:\/\/zebrapremium.se\/"]}]},{"@type":"ImageObject","inLanguage":"sv-SE","@id":"https:\/\/zebrapremium.se\/#primaryimage","url":"https:\/\/zebrapremium.se\/wp-content\/uploads\/2025\/05\/ZEBRA-Premium_horisont_white-4.png","contentUrl":"https:\/\/zebrapremium.se\/wp-content\/uploads\/2025\/05\/ZEBRA-Premium_horisont_white-4.png","width":2385,"height":190},{"@type":"BreadcrumbList","@id":"https:\/\/zebrapremium.se\/#breadcrumb","itemListElement":[{"@type":"ListItem","position":1,"name":"Hem","item":"https:\/\/zebrapremium.se\/"},{"@type":"ListItem","position":2,"name":"Underh\u00e5llssida"}]},{"@type":"WebSite","@id":"https:\/\/zebrapremium.se\/#website","url":"https:\/\/zebrapremium.se\/","name":"Zebra Premium","description":"","publisher":{"@id":"https:\/\/zebrapremium.se\/#organization"},"potentialAction":[{"@type":"SearchAction","target":{"@type":"EntryPoint","urlTemplate":"https:\/\/zebrapremium.se\/?s={search_term_string}"},"query-input":{"@type":"PropertyValueSpecification","valueRequired":true,"valueName":"search_term_string"}}],"inLanguage":"sv-SE"},{"@type":"Organization","@id":"https:\/\/zebrapremium.se\/#organization","name":"Zebra Premium","url":"https:\/\/zebrapremium.se\/","logo":{"@type":"ImageObject","inLanguage":"sv-SE","@id":"https:\/\/zebrapremium.se\/#\/schema\/logo\/image\/","url":"https:\/\/zebrapremium.se\/wp-content\/uploads\/2025\/07\/ZEBRA-Premium_white.png","contentUrl":"https:\/\/zebrapremium.se\/wp-content\/uploads\/2025\/07\/ZEBRA-Premium_white.png","width":1128,"height":1087,"caption":"Zebra Premium"},"image":{"@id":"https:\/\/zebrapremium.se\/#\/schema\/logo\/image\/"}}]}},"_links":{"self":[{"href":"https:\/\/zebrapremium.se\/index.php?rest_route=\/wp\/v2\/pages\/116","targetHints":{"allow":["GET"]}}],"collection":[{"href":"https:\/\/zebrapremium.se\/index.php?rest_route=\/wp\/v2\/pages"}],"about":[{"href":"https:\/\/zebrapremium.se\/index.php?rest_route=\/wp\/v2\/types\/page"}],"author":[{"embeddable":true,"href":"https:\/\/zebrapremium.se\/index.php?rest_route=\/wp\/v2\/users\/1"}],"replies":[{"embeddable":true,"href":"https:\/\/zebrapremium.se\/index.php?rest_route=%2Fwp%2Fv2%2Fcomments&post=116"}],"version-history":[{"count":36,"href":"https:\/\/zebrapremium.se\/index.php?rest_route=\/wp\/v2\/pages\/116\/revisions"}],"predecessor-version":[{"id":163,"href":"https:\/\/zebrapremium.se\/index.php?rest_route=\/wp\/v2\/pages\/116\/revisions\/163"}],"wp:attachment":[{"href":"https:\/\/zebrapremium.se\/index.php?rest_route=%2Fwp%2Fv2%2Fmedia&parent=116"}],"curies":[{"name":"wp","href":"https:\/\/api.w.org\/{rel}","templated":true}]}}